{"id":2973,"date":"2021-09-17T14:12:12","date_gmt":"2021-09-17T14:12:12","guid":{"rendered":"https:\/\/www.egeo-maintenance.com\/noticias\/"},"modified":"2021-09-17T14:12:12","modified_gmt":"2021-09-17T14:12:12","slug":"noticias","status":"publish","type":"page","link":"https:\/\/www.egeo-maintenance.com\/es\/noticias\/","title":{"rendered":"Noticias"},"content":{"rendered":"<div  class='av-alb-blogposts template-blog  av-blog-meta-author-disabled av-blog-meta-comments-disabled av-blog-meta-tag-disabled '  itemscope=\"itemscope\" itemtype=\"https:\/\/schema.org\/Blog\" ><article class=\"post-entry post-entry-type-standard post-entry-3048 post-loop-1 post-parity-odd single-small with-slider post-3048 post type-post status-publish format-standard has-post-thumbnail hentry category-novedades\"  itemscope=\"itemscope\" itemtype=\"https:\/\/schema.org\/BlogPosting\" ><div class=\"blog-meta\"><a href='https:\/\/www.egeo-maintenance.com\/es\/egeo-connect-el-espacio-de-trabajo-colaborativo-y-conectado\/' class='small-preview'  title=\"MontageOrganisation-2020-juin\"   itemprop=\"image\" itemscope=\"itemscope\" itemtype=\"https:\/\/schema.org\/ImageObject\" ><img loading=\"lazy\" decoding=\"async\" width=\"180\" height=\"180\" src=\"https:\/\/www.egeo-maintenance.com\/wp-content\/uploads\/MontageOrganisation-2020-juin-180x180.jpg\" class=\"wp-image-2951 avia-img-lazy-loading-2951 attachment-square size-square wp-post-image\" alt=\"\" srcset=\"https:\/\/www.egeo-maintenance.com\/wp-content\/uploads\/MontageOrganisation-2020-juin-180x180.jpg 180w, https:\/\/www.egeo-maintenance.com\/wp-content\/uploads\/MontageOrganisation-2020-juin-80x80.jpg 80w, https:\/\/www.egeo-maintenance.com\/wp-content\/uploads\/MontageOrganisation-2020-juin-36x36.jpg 36w\" sizes=\"auto, (max-width: 180px) 100vw, 180px\" \/><span class=\"iconfont\" aria-hidden='true' data-av_icon='\ue836' data-av_iconfont='entypo-fontello'><\/span><\/a><\/div><div class='entry-content-wrapper clearfix standard-content'><header class=\"entry-content-header\"><div class=\"av-heading-wrapper\"><h2 class='post-title entry-title '  itemprop=\"headline\" ><a href=\"https:\/\/www.egeo-maintenance.com\/es\/egeo-connect-el-espacio-de-trabajo-colaborativo-y-conectado\/\" rel=\"bookmark\" title=\"Enlace permanente: Egeo connect: El espacio de trabajo colaborativo y conectado\">Egeo connect: El espacio de trabajo colaborativo y conectado<span class=\"post-format-icon minor-meta\"><\/span><\/a><\/h2><span class=\"blog-categories minor-meta\"><a href=\"https:\/\/www.egeo-maintenance.com\/es\/category\/novedades\/\" rel=\"tag\">Novedades<\/a><\/span><\/div><\/header><span class=\"av-vertical-delimiter\"><\/span><div class=\"entry-content\"  itemprop=\"text\" ><p>Acceda al mantenimiento conectado, visualice en tiempo real sus intervenciones y sus obras. Gracias a EGEO CONNECT, su espacio de cliente es una herramienta de gesti\u00f3n y de asistencia para la decisi\u00f3n de cualquier intervenci\u00f3n de mantenimiento y de obras: : Seleccionamos para usted t\u00e9cnicos competentes por lote t\u00e9cnico, dependiendo de los criterios de proximidad [&hellip;]<\/p>\n<div class=\"read-more-link\"><a href=\"https:\/\/www.egeo-maintenance.com\/es\/egeo-connect-el-espacio-de-trabajo-colaborativo-y-conectado\/\" class=\"more-link\">Leer m\u00e1s<span class=\"more-link-arrow\"><\/span><\/a><\/div>\n<\/div><span class=\"post-meta-infos\"><time class=\"date-container minor-meta updated\"  itemprop=\"datePublished\" datetime=\"2021-09-17T15:53:28+00:00\" >17 de septiembre de 2021<\/time><\/span><footer class=\"entry-footer\"><\/footer><div class='post_delimiter'><\/div><\/div><div class=\"post_author_timeline\"><\/div><span class='hidden'>\n\t\t\t\t<span class='av-structured-data'  itemprop=\"image\" itemscope=\"itemscope\" itemtype=\"https:\/\/schema.org\/ImageObject\" >\n\t\t\t\t\t\t<span itemprop='url'>https:\/\/www.egeo-maintenance.com\/wp-content\/uploads\/MontageOrganisation-2020-juin.jpg<\/span>\n\t\t\t\t\t\t<span itemprop='height'>1068<\/span>\n\t\t\t\t\t\t<span itemprop='width'>1900<\/span>\n\t\t\t\t<\/span>\n\t\t\t\t<span class='av-structured-data'  itemprop=\"publisher\" itemtype=\"https:\/\/schema.org\/Organization\" itemscope=\"itemscope\" >\n\t\t\t\t\t\t<span itemprop='name'>Maria Soto Di Murro<\/span>\n\t\t\t\t\t\t<span itemprop='logo' itemscope itemtype='https:\/\/schema.org\/ImageObject'>\n\t\t\t\t\t\t\t<span itemprop='url'>\/wp-content\/uploads\/2017\/01\/logo-egeo.png<\/span>\n\t\t\t\t\t\t<\/span>\n\t\t\t\t<\/span><span class='av-structured-data'  itemprop=\"author\" itemscope=\"itemscope\" itemtype=\"https:\/\/schema.org\/Person\" ><span itemprop='name'>Maria Soto Di Murro<\/span><\/span><span class='av-structured-data'  itemprop=\"datePublished\" datetime=\"2021-09-17T15:53:28+00:00\" >2021-09-17 15:53:28<\/span><span class='av-structured-data'  itemprop=\"dateModified\" itemtype=\"https:\/\/schema.org\/dateModified\" >2021-09-17 15:53:28<\/span><span class='av-structured-data'  itemprop=\"mainEntityOfPage\" itemtype=\"https:\/\/schema.org\/mainEntityOfPage\" ><span itemprop='name'>Egeo connect: El espacio de trabajo colaborativo y conectado<\/span><\/span><\/span><\/article><article class=\"post-entry post-entry-type-standard post-entry-3046 post-loop-2 post-parity-even single-small with-slider post-3046 post type-post status-publish format-standard has-post-thumbnail hentry category-novedades\"  itemscope=\"itemscope\" itemtype=\"https:\/\/schema.org\/BlogPosting\" ><div class=\"blog-meta\"><a href='https:\/\/www.egeo-maintenance.com\/es\/egeo-mobile-la-aplicacion-movil-que-simplifica-la-intervencion-en-el-terreno\/' class='small-preview'  title=\"MontageHome-2020-F\"   itemprop=\"image\" itemscope=\"itemscope\" itemtype=\"https:\/\/schema.org\/ImageObject\" ><img loading=\"lazy\" decoding=\"async\" width=\"180\" height=\"180\" src=\"https:\/\/www.egeo-maintenance.com\/wp-content\/uploads\/MontageHome-2020-F-180x180.jpg\" class=\"wp-image-3047 avia-img-lazy-loading-3047 attachment-square size-square wp-post-image\" alt=\"\" srcset=\"https:\/\/www.egeo-maintenance.com\/wp-content\/uploads\/MontageHome-2020-F-180x180.jpg 180w, https:\/\/www.egeo-maintenance.com\/wp-content\/uploads\/MontageHome-2020-F-80x80.jpg 80w, https:\/\/www.egeo-maintenance.com\/wp-content\/uploads\/MontageHome-2020-F-36x36.jpg 36w\" sizes=\"auto, (max-width: 180px) 100vw, 180px\" \/><span class=\"iconfont\" aria-hidden='true' data-av_icon='\ue836' data-av_iconfont='entypo-fontello'><\/span><\/a><\/div><div class='entry-content-wrapper clearfix standard-content'><header class=\"entry-content-header\"><div class=\"av-heading-wrapper\"><h2 class='post-title entry-title '  itemprop=\"headline\" ><a href=\"https:\/\/www.egeo-maintenance.com\/es\/egeo-mobile-la-aplicacion-movil-que-simplifica-la-intervencion-en-el-terreno\/\" rel=\"bookmark\" title=\"Enlace permanente: Egeo mobile: La aplicaci\u00f3n m\u00f3vil que simplifica la intervenci\u00f3n en el terreno\">Egeo mobile: La aplicaci\u00f3n m\u00f3vil que simplifica la intervenci\u00f3n en el terreno<span class=\"post-format-icon minor-meta\"><\/span><\/a><\/h2><span class=\"blog-categories minor-meta\"><a href=\"https:\/\/www.egeo-maintenance.com\/es\/category\/novedades\/\" rel=\"tag\">Novedades<\/a><\/span><\/div><\/header><span class=\"av-vertical-delimiter\"><\/span><div class=\"entry-content\"  itemprop=\"text\" ><p>Los t\u00e9cnicos intervienen con rapidez en el terreno e informan de su intervenci\u00f3n en tiempo real. Gracias a EGEO MOBILE, una aplicaci\u00f3n m\u00f3vil que facilita la intervenci\u00f3n en el terreno: Los t\u00e9cnicos reciben notificaciones para cada petici\u00f3n de presupuesto y de intervenci\u00f3n. Suben en tiempo real sus albaranes de intervenci\u00f3n y las fotos del trabajo [&hellip;]<\/p>\n<div class=\"read-more-link\"><a href=\"https:\/\/www.egeo-maintenance.com\/es\/egeo-mobile-la-aplicacion-movil-que-simplifica-la-intervencion-en-el-terreno\/\" class=\"more-link\">Leer m\u00e1s<span class=\"more-link-arrow\"><\/span><\/a><\/div>\n<\/div><span class=\"post-meta-infos\"><time class=\"date-container minor-meta updated\"  itemprop=\"datePublished\" datetime=\"2021-09-17T15:49:18+00:00\" >17 de septiembre de 2021<\/time><\/span><footer class=\"entry-footer\"><\/footer><div class='post_delimiter'><\/div><\/div><div class=\"post_author_timeline\"><\/div><span class='hidden'>\n\t\t\t\t<span class='av-structured-data'  itemprop=\"image\" itemscope=\"itemscope\" itemtype=\"https:\/\/schema.org\/ImageObject\" >\n\t\t\t\t\t\t<span itemprop='url'>https:\/\/www.egeo-maintenance.com\/wp-content\/uploads\/MontageHome-2020-F.jpg<\/span>\n\t\t\t\t\t\t<span itemprop='height'>1080<\/span>\n\t\t\t\t\t\t<span itemprop='width'>1900<\/span>\n\t\t\t\t<\/span>\n\t\t\t\t<span class='av-structured-data'  itemprop=\"publisher\" itemtype=\"https:\/\/schema.org\/Organization\" itemscope=\"itemscope\" >\n\t\t\t\t\t\t<span itemprop='name'>Maria Soto Di Murro<\/span>\n\t\t\t\t\t\t<span itemprop='logo' itemscope itemtype='https:\/\/schema.org\/ImageObject'>\n\t\t\t\t\t\t\t<span itemprop='url'>\/wp-content\/uploads\/2017\/01\/logo-egeo.png<\/span>\n\t\t\t\t\t\t<\/span>\n\t\t\t\t<\/span><span class='av-structured-data'  itemprop=\"author\" itemscope=\"itemscope\" itemtype=\"https:\/\/schema.org\/Person\" ><span itemprop='name'>Maria Soto Di Murro<\/span><\/span><span class='av-structured-data'  itemprop=\"datePublished\" datetime=\"2021-09-17T15:49:18+00:00\" >2021-09-17 15:49:18<\/span><span class='av-structured-data'  itemprop=\"dateModified\" itemtype=\"https:\/\/schema.org\/dateModified\" >2021-09-17 15:49:18<\/span><span class='av-structured-data'  itemprop=\"mainEntityOfPage\" itemtype=\"https:\/\/schema.org\/mainEntityOfPage\" ><span itemprop='name'>Egeo mobile: La aplicaci\u00f3n m\u00f3vil que simplifica la intervenci\u00f3n en el terreno<\/span><\/span><\/span><\/article><article class=\"post-entry post-entry-type-standard post-entry-3042 post-loop-3 post-parity-odd post-entry-last single-small with-slider post-3042 post type-post status-publish format-standard has-post-thumbnail hentry category-novedades\"  itemscope=\"itemscope\" itemtype=\"https:\/\/schema.org\/BlogPosting\" ><div class=\"blog-meta\"><a href='https:\/\/www.egeo-maintenance.com\/es\/egeo-live-los-objetos-conectados-al-servicio-del-mantenimiento\/' class='small-preview'  title=\"Building.\"   itemprop=\"image\" itemscope=\"itemscope\" itemtype=\"https:\/\/schema.org\/ImageObject\" ><img loading=\"lazy\" decoding=\"async\" width=\"180\" height=\"180\" src=\"https:\/\/www.egeo-maintenance.com\/wp-content\/uploads\/1-MontageSolutions-2020-180x180.jpg\" class=\"wp-image-2963 avia-img-lazy-loading-2963 attachment-square size-square wp-post-image\" alt=\"\" srcset=\"https:\/\/www.egeo-maintenance.com\/wp-content\/uploads\/1-MontageSolutions-2020-180x180.jpg 180w, https:\/\/www.egeo-maintenance.com\/wp-content\/uploads\/1-MontageSolutions-2020-80x80.jpg 80w, https:\/\/www.egeo-maintenance.com\/wp-content\/uploads\/1-MontageSolutions-2020-36x36.jpg 36w\" sizes=\"auto, (max-width: 180px) 100vw, 180px\" \/><span class=\"iconfont\" aria-hidden='true' data-av_icon='\ue836' data-av_iconfont='entypo-fontello'><\/span><\/a><\/div><div class='entry-content-wrapper clearfix standard-content'><header class=\"entry-content-header\"><div class=\"av-heading-wrapper\"><h2 class='post-title entry-title '  itemprop=\"headline\" ><a href=\"https:\/\/www.egeo-maintenance.com\/es\/egeo-live-los-objetos-conectados-al-servicio-del-mantenimiento\/\" rel=\"bookmark\" title=\"Enlace permanente: Egeo live: los objetos conectados al servicio del mantenimiento\">Egeo live: los objetos conectados al servicio del mantenimiento<span class=\"post-format-icon minor-meta\"><\/span><\/a><\/h2><span class=\"blog-categories minor-meta\"><a href=\"https:\/\/www.egeo-maintenance.com\/es\/category\/novedades\/\" rel=\"tag\">Novedades<\/a><\/span><\/div><\/header><span class=\"av-vertical-delimiter\"><\/span><div class=\"entry-content\"  itemprop=\"text\" ><p>Estar\u00e1n conectados 24 h a sus edificios y recibir\u00e1n mediciones en tiempo real. Gracias a EGEO LIVE, la telemedida le informa en directo de los datos recopilados en sus emplazamientos: \u2022 Reciba telemedidas de los indicadores clave de sus edificios: temperatura &#8211; higrometr\u00eda &#8211; calidad del aire &#8211; movimientos&#8230; y alertas autom\u00e1ticas al superar l\u00edmites [&hellip;]<\/p>\n<div class=\"read-more-link\"><a href=\"https:\/\/www.egeo-maintenance.com\/es\/egeo-live-los-objetos-conectados-al-servicio-del-mantenimiento\/\" class=\"more-link\">Leer m\u00e1s<span class=\"more-link-arrow\"><\/span><\/a><\/div>\n<\/div><span class=\"post-meta-infos\"><time class=\"date-container minor-meta updated\"  itemprop=\"datePublished\" datetime=\"2021-09-17T15:44:16+00:00\" >17 de septiembre de 2021<\/time><\/span><footer class=\"entry-footer\"><\/footer><div class='post_delimiter'><\/div><\/div><div class=\"post_author_timeline\"><\/div><span class='hidden'>\n\t\t\t\t<span class='av-structured-data'  itemprop=\"image\" itemscope=\"itemscope\" itemtype=\"https:\/\/schema.org\/ImageObject\" >\n\t\t\t\t\t\t<span itemprop='url'>https:\/\/www.egeo-maintenance.com\/wp-content\/uploads\/1-MontageSolutions-2020.jpg<\/span>\n\t\t\t\t\t\t<span itemprop='height'>560<\/span>\n\t\t\t\t\t\t<span itemprop='width'>1688<\/span>\n\t\t\t\t<\/span>\n\t\t\t\t<span class='av-structured-data'  itemprop=\"publisher\" itemtype=\"https:\/\/schema.org\/Organization\" itemscope=\"itemscope\" >\n\t\t\t\t\t\t<span itemprop='name'>Maria Soto Di Murro<\/span>\n\t\t\t\t\t\t<span itemprop='logo' itemscope itemtype='https:\/\/schema.org\/ImageObject'>\n\t\t\t\t\t\t\t<span itemprop='url'>\/wp-content\/uploads\/2017\/01\/logo-egeo.png<\/span>\n\t\t\t\t\t\t<\/span>\n\t\t\t\t<\/span><span class='av-structured-data'  itemprop=\"author\" itemscope=\"itemscope\" itemtype=\"https:\/\/schema.org\/Person\" ><span itemprop='name'>Maria Soto Di Murro<\/span><\/span><span class='av-structured-data'  itemprop=\"datePublished\" datetime=\"2021-09-17T15:44:16+00:00\" >2021-09-17 15:44:16<\/span><span class='av-structured-data'  itemprop=\"dateModified\" itemtype=\"https:\/\/schema.org\/dateModified\" >2021-09-17 15:44:16<\/span><span class='av-structured-data'  itemprop=\"mainEntityOfPage\" itemtype=\"https:\/\/schema.org\/mainEntityOfPage\" ><span itemprop='name'>Egeo live: los objetos conectados al servicio del mantenimiento<\/span><\/span><\/span><\/article><div class='single-small'><nav class='pagination'><span class='pagination-meta'>P\u00e1gina 1 de 7<\/span><span class='current'>1<\/span><a href='https:\/\/www.egeo-maintenance.com\/es\/wp-json\/wp\/v2\/pages\/2973\/page\/2\/' class='inactive next_page' >2<\/a><a href='https:\/\/www.egeo-maintenance.com\/es\/wp-json\/wp\/v2\/pages\/2973\/page\/3\/' class='inactive' >3<\/a><a href='https:\/\/www.egeo-maintenance.com\/es\/wp-json\/wp\/v2\/pages\/2973\/page\/2\/'>&rsaquo;<\/a><a href='https:\/\/www.egeo-maintenance.com\/es\/wp-json\/wp\/v2\/pages\/2973\/page\/7\/'>&raquo;<\/a><\/nav>\n<\/div><\/div>\n","protected":false},"excerpt":{"rendered":"","protected":false},"author":1,"featured_media":0,"parent":0,"menu_order":0,"comment_status":"closed","ping_status":"closed","template":"","meta":{"footnotes":""},"class_list":["post-2973","page","type-page","status-publish","hentry"],"yoast_head":"<!-- This site is optimized with the Yoast SEO plugin v27.3 - https:\/\/yoast.com\/product\/yoast-seo-wordpress\/ -->\n<title>Noticias - My CMS<\/title>\n<meta name=\"robots\" content=\"index, follow, max-snippet:-1, max-image-preview:large, max-video-preview:-1\" \/>\n<link rel=\"canonical\" href=\"https:\/\/www.egeo-maintenance.com\/es\/noticias\/\" \/>\n<meta property=\"og:locale\" content=\"es_ES\" \/>\n<meta property=\"og:type\" content=\"article\" \/>\n<meta property=\"og:title\" content=\"Noticias - My CMS\" \/>\n<meta property=\"og:url\" content=\"https:\/\/www.egeo-maintenance.com\/es\/noticias\/\" \/>\n<meta property=\"og:site_name\" content=\"My CMS\" \/>\n<meta name=\"twitter:card\" content=\"summary_large_image\" \/>\n<script type=\"application\/ld+json\" class=\"yoast-schema-graph\">{\"@context\":\"https:\\\/\\\/schema.org\",\"@graph\":[{\"@type\":\"WebPage\",\"@id\":\"https:\\\/\\\/www.egeo-maintenance.com\\\/es\\\/noticias\\\/\",\"url\":\"https:\\\/\\\/www.egeo-maintenance.com\\\/es\\\/noticias\\\/\",\"name\":\"Noticias - My CMS\",\"isPartOf\":{\"@id\":\"https:\\\/\\\/www.egeo-maintenance.com\\\/en\\\/#website\"},\"datePublished\":\"2021-09-17T14:12:12+00:00\",\"breadcrumb\":{\"@id\":\"https:\\\/\\\/www.egeo-maintenance.com\\\/es\\\/noticias\\\/#breadcrumb\"},\"inLanguage\":\"es\",\"potentialAction\":[{\"@type\":\"ReadAction\",\"target\":[\"https:\\\/\\\/www.egeo-maintenance.com\\\/es\\\/noticias\\\/\"]}]},{\"@type\":\"BreadcrumbList\",\"@id\":\"https:\\\/\\\/www.egeo-maintenance.com\\\/es\\\/noticias\\\/#breadcrumb\",\"itemListElement\":[{\"@type\":\"ListItem\",\"position\":1,\"name\":\"Accueil\",\"item\":\"https:\\\/\\\/www.egeo-maintenance.com\\\/en\\\/\"},{\"@type\":\"ListItem\",\"position\":2,\"name\":\"Noticias\"}]},{\"@type\":\"WebSite\",\"@id\":\"https:\\\/\\\/www.egeo-maintenance.com\\\/en\\\/#website\",\"url\":\"https:\\\/\\\/www.egeo-maintenance.com\\\/en\\\/\",\"name\":\"My CMS\",\"description\":\"\",\"potentialAction\":[{\"@type\":\"SearchAction\",\"target\":{\"@type\":\"EntryPoint\",\"urlTemplate\":\"https:\\\/\\\/www.egeo-maintenance.com\\\/en\\\/?s={search_term_string}\"},\"query-input\":{\"@type\":\"PropertyValueSpecification\",\"valueRequired\":true,\"valueName\":\"search_term_string\"}}],\"inLanguage\":\"es\"}]}<\/script>\n<!-- \/ Yoast SEO plugin. -->","yoast_head_json":{"title":"Noticias - My CMS","robots":{"index":"index","follow":"follow","max-snippet":"max-snippet:-1","max-image-preview":"max-image-preview:large","max-video-preview":"max-video-preview:-1"},"canonical":"https:\/\/www.egeo-maintenance.com\/es\/noticias\/","og_locale":"es_ES","og_type":"article","og_title":"Noticias - My CMS","og_url":"https:\/\/www.egeo-maintenance.com\/es\/noticias\/","og_site_name":"My CMS","twitter_card":"summary_large_image","schema":{"@context":"https:\/\/schema.org","@graph":[{"@type":"WebPage","@id":"https:\/\/www.egeo-maintenance.com\/es\/noticias\/","url":"https:\/\/www.egeo-maintenance.com\/es\/noticias\/","name":"Noticias - My CMS","isPartOf":{"@id":"https:\/\/www.egeo-maintenance.com\/en\/#website"},"datePublished":"2021-09-17T14:12:12+00:00","breadcrumb":{"@id":"https:\/\/www.egeo-maintenance.com\/es\/noticias\/#breadcrumb"},"inLanguage":"es","potentialAction":[{"@type":"ReadAction","target":["https:\/\/www.egeo-maintenance.com\/es\/noticias\/"]}]},{"@type":"BreadcrumbList","@id":"https:\/\/www.egeo-maintenance.com\/es\/noticias\/#breadcrumb","itemListElement":[{"@type":"ListItem","position":1,"name":"Accueil","item":"https:\/\/www.egeo-maintenance.com\/en\/"},{"@type":"ListItem","position":2,"name":"Noticias"}]},{"@type":"WebSite","@id":"https:\/\/www.egeo-maintenance.com\/en\/#website","url":"https:\/\/www.egeo-maintenance.com\/en\/","name":"My CMS","description":"","potentialAction":[{"@type":"SearchAction","target":{"@type":"EntryPoint","urlTemplate":"https:\/\/www.egeo-maintenance.com\/en\/?s={search_term_string}"},"query-input":{"@type":"PropertyValueSpecification","valueRequired":true,"valueName":"search_term_string"}}],"inLanguage":"es"}]}},"_links":{"self":[{"href":"https:\/\/www.egeo-maintenance.com\/es\/wp-json\/wp\/v2\/pages\/2973","targetHints":{"allow":["GET"]}}],"collection":[{"href":"https:\/\/www.egeo-maintenance.com\/es\/wp-json\/wp\/v2\/pages"}],"about":[{"href":"https:\/\/www.egeo-maintenance.com\/es\/wp-json\/wp\/v2\/types\/page"}],"author":[{"embeddable":true,"href":"https:\/\/www.egeo-maintenance.com\/es\/wp-json\/wp\/v2\/users\/1"}],"replies":[{"embeddable":true,"href":"https:\/\/www.egeo-maintenance.com\/es\/wp-json\/wp\/v2\/comments?post=2973"}],"version-history":[{"count":1,"href":"https:\/\/www.egeo-maintenance.com\/es\/wp-json\/wp\/v2\/pages\/2973\/revisions"}],"predecessor-version":[{"id":2974,"href":"https:\/\/www.egeo-maintenance.com\/es\/wp-json\/wp\/v2\/pages\/2973\/revisions\/2974"}],"wp:attachment":[{"href":"https:\/\/www.egeo-maintenance.com\/es\/wp-json\/wp\/v2\/media?parent=2973"}],"curies":[{"name":"wp","href":"https:\/\/api.w.org\/{rel}","templated":true}]}}